{"id":84,"date":"2021-12-08T11:09:04","date_gmt":"2021-12-08T10:09:04","guid":{"rendered":"http:\/\/ortoestetik.com\/?page_id=84"},"modified":"2024-03-08T09:05:10","modified_gmt":"2024-03-08T08:05:10","slug":"rezervirajte-termin","status":"publish","type":"page","link":"https:\/\/ortoestetik.com\/?page_id=84","title":{"rendered":"Rezervirajte termin"},"content":{"rendered":"\t\t<div data-elementor-type=\"wp-page\" data-elementor-id=\"84\" class=\"elementor elementor-84\">\n\t\t\t\t\t\t<section class=\"elementor-section elementor-top-section elementor-element elementor-element-59cbc05 elementor-section-boxed elementor-section-height-default elementor-section-height-default\" data-id=\"59cbc05\" data-element_type=\"section\" data-e-type=\"section\">\n\t\t\t\t\t\t<div class=\"elementor-container elementor-column-gap-default\">\n\t\t\t\t\t<div class=\"elementor-column elementor-col-100 elementor-top-column elementor-element elementor-element-2b3b81f\" data-id=\"2b3b81f\" data-element_type=\"column\" data-e-type=\"column\">\n\t\t\t<div class=\"elementor-widget-wrap elementor-element-populated\">\n\t\t\t\t\t\t<div class=\"elementor-element elementor-element-2287658 elementor-widget elementor-widget-html\" data-id=\"2287658\" data-element_type=\"widget\" data-e-type=\"widget\" data-widget_type=\"html.default\">\n\t\t\t\t<div class=\"elementor-widget-container\">\n\t\t\t\t\t<div class=\"wpforms-container wpforms-container-full\" id=\"wpforms-82\"><form id=\"wpforms-form-82\" class=\"wpforms-validate wpforms-form wpforms-ajax-form\" data-formid=\"82\" method=\"post\" enctype=\"multipart\/form-data\" action=\"\/index.php?rest_route=%2Fwp%2Fv2%2Fpages%2F84\" data-token=\"c4b2a14ffc0a7b18f331ef741135880e\" data-token-time=\"1777725461\"><noscript class=\"wpforms-error-noscript\">Please enable JavaScript in your browser to complete this form.<\/noscript><div class=\"wpforms-field-container\"><div id=\"wpforms-82-field_11-container\" class=\"wpforms-field wpforms-field-text\" data-field-id=\"11\"><label class=\"wpforms-field-label\" for=\"wpforms-82-field_11\">ime <span class=\"wpforms-required-label\">*<\/span><\/label><input type=\"text\" id=\"wpforms-82-field_11\" class=\"wpforms-field-medium wpforms-field-required\" name=\"wpforms[fields][11]\" required><\/div><div id=\"wpforms-82-field_12-container\" class=\"wpforms-field wpforms-field-text\" data-field-id=\"12\"><label class=\"wpforms-field-label\" for=\"wpforms-82-field_12\">priimek <span class=\"wpforms-required-label\">*<\/span><\/label><input type=\"text\" id=\"wpforms-82-field_12\" class=\"wpforms-field-medium wpforms-field-required\" name=\"wpforms[fields][12]\" required><\/div><div id=\"wpforms-82-field_2-container\" class=\"wpforms-field wpforms-field-text\" data-field-id=\"2\"><label class=\"wpforms-field-label\" for=\"wpforms-82-field_2\">rojstni datum <span class=\"wpforms-required-label\">*<\/span><\/label><input type=\"text\" id=\"wpforms-82-field_2\" class=\"wpforms-field-medium wpforms-field-required\" name=\"wpforms[fields][2]\" required><\/div><div id=\"wpforms-82-field_13-container\" class=\"wpforms-field wpforms-field-select wpforms-field-select-style-classic\" data-field-id=\"13\"><label class=\"wpforms-field-label\" for=\"wpforms-82-field_13\">kraj bivanja <span class=\"wpforms-required-label\">*<\/span><\/label><select id=\"wpforms-82-field_13\" class=\"wpforms-field-medium wpforms-field-required\" name=\"wpforms[fields][13]\" required=\"required\"><option value=\"Podravska\"  class=\"choice-1 depth-1\"  >Podravska<\/option><option value=\"Pomurska\"  class=\"choice-2 depth-1\"  >Pomurska<\/option><option value=\"Koro\u0161ka\"  class=\"choice-3 depth-1\"  >Koro\u0161ka<\/option><option value=\"Savinjska\"  class=\"choice-4 depth-1\"  >Savinjska<\/option><option value=\"Zasavska\"  class=\"choice-5 depth-1\"  >Zasavska<\/option><option value=\"Posavska\"  class=\"choice-6 depth-1\"  >Posavska<\/option><option value=\"Osrednjeslovenska\"  class=\"choice-7 depth-1\"  >Osrednjeslovenska<\/option><option value=\"Gorenjska\"  class=\"choice-8 depth-1\"  >Gorenjska<\/option><option value=\"Primorsko-notranjska\"  class=\"choice-9 depth-1\"  >Primorsko-notranjska<\/option><option value=\"Obalno-kra\u0161ka\"  class=\"choice-10 depth-1\"  >Obalno-kra\u0161ka<\/option><option value=\"Gori\u0161ka\"  class=\"choice-11 depth-1\"  >Gori\u0161ka<\/option><option value=\"Tujina\"  class=\"choice-12 depth-1\"  >Tujina<\/option><\/select><div class=\"wpforms-field-description\">ozna\u010dite regijo, v kateri bivate<\/div><\/div><div id=\"wpforms-82-field_3-container\" class=\"wpforms-field wpforms-field-text\" data-field-id=\"3\"><label class=\"wpforms-field-label\" for=\"wpforms-82-field_3\">e - naslov <span class=\"wpforms-required-label\">*<\/span><\/label><input type=\"text\" id=\"wpforms-82-field_3\" class=\"wpforms-field-medium wpforms-field-required\" name=\"wpforms[fields][3]\" required><\/div><div id=\"wpforms-82-field_4-container\" class=\"wpforms-field wpforms-field-text\" data-field-id=\"4\"><label class=\"wpforms-field-label\" for=\"wpforms-82-field_4\">telefon <span class=\"wpforms-required-label\">*<\/span><\/label><input type=\"text\" id=\"wpforms-82-field_4\" class=\"wpforms-field-medium wpforms-field-required\" name=\"wpforms[fields][4]\" required><\/div><div id=\"wpforms-82-field_7-container\" class=\"wpforms-field wpforms-field-checkbox wpforms-list-inline\" data-field-id=\"7\"><label class=\"wpforms-field-label\">\u017eelim termin <span class=\"wpforms-required-label\">*<\/span><\/label><ul id=\"wpforms-82-field_7\" class=\"wpforms-field-required\"><li class=\"choice-1 depth-1\"><input type=\"checkbox\" id=\"wpforms-82-field_7_1\" name=\"wpforms[fields][7][]\" value=\"dopoldan\" required ><label class=\"wpforms-field-label-inline\" for=\"wpforms-82-field_7_1\">dopoldan<\/label><\/li><li class=\"choice-2 depth-1\"><input type=\"checkbox\" id=\"wpforms-82-field_7_2\" name=\"wpforms[fields][7][]\" value=\"popoldan\" required ><label class=\"wpforms-field-label-inline\" for=\"wpforms-82-field_7_2\">popoldan<\/label><\/li><\/ul><\/div><div id=\"wpforms-82-field_8-container\" class=\"wpforms-field wpforms-field-checkbox wpforms-list-inline\" data-field-id=\"8\"><label class=\"wpforms-field-label\">izberite \u017eeljeno uro <span class=\"wpforms-required-label\">*<\/span><\/label><ul id=\"wpforms-82-field_8\" class=\"wpforms-field-required\"><li class=\"choice-1 depth-1\"><input type=\"checkbox\" id=\"wpforms-82-field_8_1\" name=\"wpforms[fields][8][]\" value=\"8 - 10\" required ><label class=\"wpforms-field-label-inline\" for=\"wpforms-82-field_8_1\">8 - 10<\/label><\/li><li class=\"choice-2 depth-1\"><input type=\"checkbox\" id=\"wpforms-82-field_8_2\" name=\"wpforms[fields][8][]\" value=\"10 - 12\" required ><label class=\"wpforms-field-label-inline\" for=\"wpforms-82-field_8_2\">10 - 12<\/label><\/li><li class=\"choice-3 depth-1\"><input type=\"checkbox\" id=\"wpforms-82-field_8_3\" name=\"wpforms[fields][8][]\" value=\"12 - 14\" required ><label class=\"wpforms-field-label-inline\" for=\"wpforms-82-field_8_3\">12 - 14<\/label><\/li><li class=\"choice-4 depth-1\"><input type=\"checkbox\" id=\"wpforms-82-field_8_4\" name=\"wpforms[fields][8][]\" value=\"14 - 16\" required ><label class=\"wpforms-field-label-inline\" for=\"wpforms-82-field_8_4\">14 - 16<\/label><\/li><li class=\"choice-5 depth-1\"><input type=\"checkbox\" id=\"wpforms-82-field_8_5\" name=\"wpforms[fields][8][]\" value=\"16 - 18\" required ><label class=\"wpforms-field-label-inline\" for=\"wpforms-82-field_8_5\">16 - 18<\/label><\/li><li class=\"choice-6 depth-1\"><input type=\"checkbox\" id=\"wpforms-82-field_8_6\" name=\"wpforms[fields][8][]\" value=\"18 - 20\" required ><label class=\"wpforms-field-label-inline\" for=\"wpforms-82-field_8_6\">18 - 20<\/label><\/li><\/ul><\/div><div id=\"wpforms-82-field_5-container\" class=\"wpforms-field wpforms-field-checkbox wpforms-list-inline\" data-field-id=\"5\"><label class=\"wpforms-field-label\">izberite \u017eeljeni dan v tednu <span class=\"wpforms-required-label\">*<\/span><\/label><ul id=\"wpforms-82-field_5\" class=\"wpforms-field-required\"><li class=\"choice-1 depth-1\"><input type=\"checkbox\" id=\"wpforms-82-field_5_1\" name=\"wpforms[fields][5][]\" value=\"ponedeljek\" required ><label class=\"wpforms-field-label-inline\" for=\"wpforms-82-field_5_1\">ponedeljek<\/label><\/li><li class=\"choice-2 depth-1\"><input type=\"checkbox\" id=\"wpforms-82-field_5_2\" name=\"wpforms[fields][5][]\" value=\"torek\" required ><label class=\"wpforms-field-label-inline\" for=\"wpforms-82-field_5_2\">torek<\/label><\/li><li class=\"choice-3 depth-1\"><input type=\"checkbox\" id=\"wpforms-82-field_5_3\" name=\"wpforms[fields][5][]\" value=\"sreda\" required ><label class=\"wpforms-field-label-inline\" for=\"wpforms-82-field_5_3\">sreda<\/label><\/li><li class=\"choice-4 depth-1\"><input type=\"checkbox\" id=\"wpforms-82-field_5_4\" name=\"wpforms[fields][5][]\" value=\"\u010detrtek\" required ><label class=\"wpforms-field-label-inline\" for=\"wpforms-82-field_5_4\">\u010detrtek<\/label><\/li><li class=\"choice-5 depth-1\"><input type=\"checkbox\" id=\"wpforms-82-field_5_5\" name=\"wpforms[fields][5][]\" value=\"petek\" required ><label class=\"wpforms-field-label-inline\" for=\"wpforms-82-field_5_5\">petek<\/label><\/li><\/ul><\/div><div id=\"wpforms-82-field_9-container\" class=\"wpforms-field wpforms-field-textarea\" data-field-id=\"9\"><label class=\"wpforms-field-label\" for=\"wpforms-82-field_9\">opis te\u017eave, \u017eelje, povpra\u0161evanje<\/label><textarea id=\"wpforms-82-field_9\" class=\"wpforms-field-medium\" name=\"wpforms[fields][9]\" ><\/textarea><\/div><\/div><!-- .wpforms-field-container --><div class=\"wpforms-recaptcha-container wpforms-is-recaptcha wpforms-is-recaptcha-type-v2\" ><div class=\"g-recaptcha\" data-sitekey=\"6Lea6pIpAAAAAHI2HiF0h-knyGg7LQ4tGsTvmqpt\"><\/div><input type=\"text\" name=\"g-recaptcha-hidden\" class=\"wpforms-recaptcha-hidden\" style=\"position:absolute!important;clip:rect(0,0,0,0)!important;height:1px!important;width:1px!important;border:0!important;overflow:hidden!important;padding:0!important;margin:0!important;\" data-rule-recaptcha=\"1\"><\/div><div class=\"wpforms-submit-container\" ><input type=\"hidden\" name=\"wpforms[id]\" value=\"82\"><input type=\"hidden\" name=\"page_title\" value=\"\"><input type=\"hidden\" name=\"page_url\" value=\"https:\/\/ortoestetik.com\/index.php?rest_route=\/wp\/v2\/pages\/84\"><input type=\"hidden\" name=\"url_referer\" value=\"\"><button type=\"submit\" name=\"wpforms[submit]\" id=\"wpforms-submit-82\" class=\"wpforms-submit\" aria-live=\"assertive\" value=\"wpforms-submit\">Po\u0161lji povpra\u0161evanje<\/button><img decoding=\"async\" src=\"https:\/\/ortoestetik.com\/wp-content\/plugins\/wpforms-lite\/assets\/images\/submit-spin.svg\" class=\"wpforms-submit-spinner\" style=\"display: none;\" width=\"26\" height=\"26\" alt=\"Loading\"><\/div><\/form><\/div>  <!-- .wpforms-container -->\t\t\t\t<\/div>\n\t\t\t\t<\/div>\n\t\t\t\t\t<\/div>\n\t\t<\/div>\n\t\t\t\t\t<\/div>\n\t\t<\/section>\n\t\t\t\t<section class=\"elementor-section elementor-top-section elementor-element elementor-element-d607c83 elementor-section-boxed elementor-section-height-default elementor-section-height-default\" data-id=\"d607c83\" data-element_type=\"section\" data-e-type=\"section\">\n\t\t\t\t\t\t<div class=\"elementor-container elementor-column-gap-default\">\n\t\t\t\t\t<div class=\"elementor-column elementor-col-100 elementor-top-column elementor-element elementor-element-2ac0128\" data-id=\"2ac0128\" data-element_type=\"column\" data-e-type=\"column\">\n\t\t\t<div class=\"elementor-widget-wrap elementor-element-populated\">\n\t\t\t\t\t\t<div class=\"elementor-element elementor-element-9067a52 elementor-widget elementor-widget-text-editor\" data-id=\"9067a52\" data-element_type=\"widget\" data-e-type=\"widget\" data-widget_type=\"text-editor.default\">\n\t\t\t\t<div class=\"elementor-widget-container\">\n\t\t\t\t\t\t\t\t\t<h3>Splo\u0161na uredba o varstvu podatkov<\/h3><div class=\"col-sm-12 form-group\">\u017delim, da me obve\u0161\u010date o tem povpra\u0161evanju preko e-po\u0161te, prav tako sem seznanjen, da lahko v vsakem trenutku prekli\u010dem uporabo svojih osebnih podatkov in da imam glede svojih osebnih podatkov pravico do seznanitve, dopolnitve, popravka, omejitve obdelave, izbrisa, prenosljivosti in ugovora. S klikom na potrditveno polje izjavljam, da sem se pred privolitvijo seznanil z vsebino z splo\u0161nih informacij o obdelavi osebnih podatkov, ki vsebuje podrobnej\u0161e informacije o tem, kako informacijski sistem IT ravna z osebnimi podatki.<\/div>\t\t\t\t\t\t\t\t<\/div>\n\t\t\t\t<\/div>\n\t\t\t\t\t<\/div>\n\t\t<\/div>\n\t\t\t\t\t<\/div>\n\t\t<\/section>\n\t\t\t\t<section class=\"elementor-section elementor-top-section elementor-element elementor-element-37c03ff elementor-section-boxed elementor-section-height-default elementor-section-height-default\" data-id=\"37c03ff\" data-element_type=\"section\" data-e-type=\"section\">\n\t\t\t\t\t\t<div class=\"elementor-container elementor-column-gap-default\">\n\t\t\t\t\t<div class=\"elementor-column elementor-col-100 elementor-top-column elementor-element elementor-element-4d65fda\" data-id=\"4d65fda\" data-element_type=\"column\" data-e-type=\"column\">\n\t\t\t<div class=\"elementor-widget-wrap elementor-element-populated\">\n\t\t\t\t\t\t<div class=\"elementor-element elementor-element-a18f184 elementor-widget elementor-widget-text-editor\" data-id=\"a18f184\" data-element_type=\"widget\" data-e-type=\"widget\" data-widget_type=\"text-editor.default\">\n\t\t\t\t<div class=\"elementor-widget-container\">\n\t\t\t\t\t\t\t\t\t<p>S klikom na gumb po\u0161lji:<\/p><p>Dovolim in razumem obdelavo osebnih podatkov.<br \/>Dovolim, da me obve\u0161\u010date o novostih preko elektronske po\u0161te.<br \/>Dovolim, da me kontaktirate preko telefona.<\/p><p>Posredovane podatke hranimo in obdelujemo v skladu s splo\u0161no uredbo o varstvu osebnih podatkov GDPR.<\/p>\t\t\t\t\t\t\t\t<\/div>\n\t\t\t\t<\/div>\n\t\t\t\t\t<\/div>\n\t\t<\/div>\n\t\t\t\t\t<\/div>\n\t\t<\/section>\n\t\t\t\t<\/div>\n\t\t","protected":false},"excerpt":{"rendered":"<p>Splo\u0161na uredba o varstvu podatkov \u017delim, da me obve\u0161\u010date o tem povpra\u0161evanju preko e-po\u0161te, prav tako sem seznanjen, da lahko v vsakem trenutku prekli\u010dem uporabo svojih osebnih podatkov in da imam glede svojih osebnih podatkov pravico do seznanitve, dopolnitve, popravka, omejitve obdelave, izbrisa, prenosljivosti in ugovora. S klikom na potrditveno polje izjavljam, da sem se [&hellip;]<\/p>\n","protected":false},"author":1,"featured_media":0,"parent":0,"menu_order":0,"comment_status":"closed","ping_status":"closed","template":"elementor_header_footer","meta":{"footnotes":""},"class_list":["post-84","page","type-page","status-publish","hentry"],"yoast_head":"<!-- This site is optimized with the Yoast SEO plugin v27.5 - https:\/\/yoast.com\/product\/yoast-seo-wordpress\/ -->\n<title>Rezervirajte termin - Horvat ortodontija<\/title>\n<meta name=\"robots\" content=\"index, follow, max-snippet:-1, max-image-preview:large, max-video-preview:-1\" \/>\n<link rel=\"canonical\" href=\"https:\/\/ortoestetik.com\/?page_id=84\" \/>\n<meta property=\"og:locale\" content=\"sl_SI\" \/>\n<meta property=\"og:type\" content=\"article\" \/>\n<meta property=\"og:title\" content=\"Rezervirajte termin - Horvat ortodontija\" \/>\n<meta property=\"og:description\" content=\"Splo\u0161na uredba o varstvu podatkov \u017delim, da me obve\u0161\u010date o tem povpra\u0161evanju preko e-po\u0161te, prav tako sem seznanjen, da lahko v vsakem trenutku prekli\u010dem uporabo svojih osebnih podatkov in da imam glede svojih osebnih podatkov pravico do seznanitve, dopolnitve, popravka, omejitve obdelave, izbrisa, prenosljivosti in ugovora. S klikom na potrditveno polje izjavljam, da sem se [&hellip;]\" \/>\n<meta property=\"og:url\" content=\"https:\/\/ortoestetik.com\/?page_id=84\" \/>\n<meta property=\"og:site_name\" content=\"Horvat ortodontija\" \/>\n<meta property=\"article:publisher\" content=\"https:\/\/www.facebook.com\/ortoestetik\/\" \/>\n<meta property=\"article:modified_time\" content=\"2024-03-08T08:05:10+00:00\" \/>\n<meta name=\"twitter:card\" content=\"summary_large_image\" \/>\n<meta name=\"twitter:label1\" content=\"Est. reading time\" \/>\n\t<meta name=\"twitter:data1\" content=\"1 minuta\" \/>\n<script type=\"application\/ld+json\" class=\"yoast-schema-graph\">{\"@context\":\"https:\\\/\\\/schema.org\",\"@graph\":[{\"@type\":\"WebPage\",\"@id\":\"https:\\\/\\\/ortoestetik.com\\\/?page_id=84\",\"url\":\"https:\\\/\\\/ortoestetik.com\\\/?page_id=84\",\"name\":\"Rezervirajte termin - Horvat ortodontija\",\"isPartOf\":{\"@id\":\"https:\\\/\\\/ortoestetik.com\\\/#website\"},\"datePublished\":\"2021-12-08T10:09:04+00:00\",\"dateModified\":\"2024-03-08T08:05:10+00:00\",\"breadcrumb\":{\"@id\":\"https:\\\/\\\/ortoestetik.com\\\/?page_id=84#breadcrumb\"},\"inLanguage\":\"sl-SI\",\"potentialAction\":[{\"@type\":\"ReadAction\",\"target\":[\"https:\\\/\\\/ortoestetik.com\\\/?page_id=84\"]}]},{\"@type\":\"BreadcrumbList\",\"@id\":\"https:\\\/\\\/ortoestetik.com\\\/?page_id=84#breadcrumb\",\"itemListElement\":[{\"@type\":\"ListItem\",\"position\":1,\"name\":\"Home\",\"item\":\"https:\\\/\\\/ortoestetik.com\\\/\"},{\"@type\":\"ListItem\",\"position\":2,\"name\":\"Rezervirajte termin\"}]},{\"@type\":\"WebSite\",\"@id\":\"https:\\\/\\\/ortoestetik.com\\\/#website\",\"url\":\"https:\\\/\\\/ortoestetik.com\\\/\",\"name\":\"Horvat ortodontija\",\"description\":\"Ortodontska ordinacija\",\"publisher\":{\"@id\":\"https:\\\/\\\/ortoestetik.com\\\/#organization\"},\"potentialAction\":[{\"@type\":\"SearchAction\",\"target\":{\"@type\":\"EntryPoint\",\"urlTemplate\":\"https:\\\/\\\/ortoestetik.com\\\/?s={search_term_string}\"},\"query-input\":{\"@type\":\"PropertyValueSpecification\",\"valueRequired\":true,\"valueName\":\"search_term_string\"}}],\"inLanguage\":\"sl-SI\"},{\"@type\":\"Organization\",\"@id\":\"https:\\\/\\\/ortoestetik.com\\\/#organization\",\"name\":\"Horvat ortodontija\",\"url\":\"https:\\\/\\\/ortoestetik.com\\\/\",\"logo\":{\"@type\":\"ImageObject\",\"inLanguage\":\"sl-SI\",\"@id\":\"https:\\\/\\\/ortoestetik.com\\\/#\\\/schema\\\/logo\\\/image\\\/\",\"url\":\"https:\\\/\\\/ortoestetik.com\\\/wp-content\\\/uploads\\\/2023\\\/07\\\/logo5.png\",\"contentUrl\":\"https:\\\/\\\/ortoestetik.com\\\/wp-content\\\/uploads\\\/2023\\\/07\\\/logo5.png\",\"width\":800,\"height\":200,\"caption\":\"Horvat ortodontija\"},\"image\":{\"@id\":\"https:\\\/\\\/ortoestetik.com\\\/#\\\/schema\\\/logo\\\/image\\\/\"},\"sameAs\":[\"https:\\\/\\\/www.facebook.com\\\/ortoestetik\\\/\"]}]}<\/script>\n<!-- \/ Yoast SEO plugin. -->","yoast_head_json":{"title":"Rezervirajte termin - Horvat ortodontija","robots":{"index":"index","follow":"follow","max-snippet":"max-snippet:-1","max-image-preview":"max-image-preview:large","max-video-preview":"max-video-preview:-1"},"canonical":"https:\/\/ortoestetik.com\/?page_id=84","og_locale":"sl_SI","og_type":"article","og_title":"Rezervirajte termin - Horvat ortodontija","og_description":"Splo\u0161na uredba o varstvu podatkov \u017delim, da me obve\u0161\u010date o tem povpra\u0161evanju preko e-po\u0161te, prav tako sem seznanjen, da lahko v vsakem trenutku prekli\u010dem uporabo svojih osebnih podatkov in da imam glede svojih osebnih podatkov pravico do seznanitve, dopolnitve, popravka, omejitve obdelave, izbrisa, prenosljivosti in ugovora. S klikom na potrditveno polje izjavljam, da sem se [&hellip;]","og_url":"https:\/\/ortoestetik.com\/?page_id=84","og_site_name":"Horvat ortodontija","article_publisher":"https:\/\/www.facebook.com\/ortoestetik\/","article_modified_time":"2024-03-08T08:05:10+00:00","twitter_card":"summary_large_image","twitter_misc":{"Est. reading time":"1 minuta"},"schema":{"@context":"https:\/\/schema.org","@graph":[{"@type":"WebPage","@id":"https:\/\/ortoestetik.com\/?page_id=84","url":"https:\/\/ortoestetik.com\/?page_id=84","name":"Rezervirajte termin - Horvat ortodontija","isPartOf":{"@id":"https:\/\/ortoestetik.com\/#website"},"datePublished":"2021-12-08T10:09:04+00:00","dateModified":"2024-03-08T08:05:10+00:00","breadcrumb":{"@id":"https:\/\/ortoestetik.com\/?page_id=84#breadcrumb"},"inLanguage":"sl-SI","potentialAction":[{"@type":"ReadAction","target":["https:\/\/ortoestetik.com\/?page_id=84"]}]},{"@type":"BreadcrumbList","@id":"https:\/\/ortoestetik.com\/?page_id=84#breadcrumb","itemListElement":[{"@type":"ListItem","position":1,"name":"Home","item":"https:\/\/ortoestetik.com\/"},{"@type":"ListItem","position":2,"name":"Rezervirajte termin"}]},{"@type":"WebSite","@id":"https:\/\/ortoestetik.com\/#website","url":"https:\/\/ortoestetik.com\/","name":"Horvat ortodontija","description":"Ortodontska ordinacija","publisher":{"@id":"https:\/\/ortoestetik.com\/#organization"},"potentialAction":[{"@type":"SearchAction","target":{"@type":"EntryPoint","urlTemplate":"https:\/\/ortoestetik.com\/?s={search_term_string}"},"query-input":{"@type":"PropertyValueSpecification","valueRequired":true,"valueName":"search_term_string"}}],"inLanguage":"sl-SI"},{"@type":"Organization","@id":"https:\/\/ortoestetik.com\/#organization","name":"Horvat ortodontija","url":"https:\/\/ortoestetik.com\/","logo":{"@type":"ImageObject","inLanguage":"sl-SI","@id":"https:\/\/ortoestetik.com\/#\/schema\/logo\/image\/","url":"https:\/\/ortoestetik.com\/wp-content\/uploads\/2023\/07\/logo5.png","contentUrl":"https:\/\/ortoestetik.com\/wp-content\/uploads\/2023\/07\/logo5.png","width":800,"height":200,"caption":"Horvat ortodontija"},"image":{"@id":"https:\/\/ortoestetik.com\/#\/schema\/logo\/image\/"},"sameAs":["https:\/\/www.facebook.com\/ortoestetik\/"]}]}},"_links":{"self":[{"href":"https:\/\/ortoestetik.com\/index.php?rest_route=\/wp\/v2\/pages\/84","targetHints":{"allow":["GET"]}}],"collection":[{"href":"https:\/\/ortoestetik.com\/index.php?rest_route=\/wp\/v2\/pages"}],"about":[{"href":"https:\/\/ortoestetik.com\/index.php?rest_route=\/wp\/v2\/types\/page"}],"author":[{"embeddable":true,"href":"https:\/\/ortoestetik.com\/index.php?rest_route=\/wp\/v2\/users\/1"}],"replies":[{"embeddable":true,"href":"https:\/\/ortoestetik.com\/index.php?rest_route=%2Fwp%2Fv2%2Fcomments&post=84"}],"version-history":[{"count":20,"href":"https:\/\/ortoestetik.com\/index.php?rest_route=\/wp\/v2\/pages\/84\/revisions"}],"predecessor-version":[{"id":345,"href":"https:\/\/ortoestetik.com\/index.php?rest_route=\/wp\/v2\/pages\/84\/revisions\/345"}],"wp:attachment":[{"href":"https:\/\/ortoestetik.com\/index.php?rest_route=%2Fwp%2Fv2%2Fmedia&parent=84"}],"curies":[{"name":"wp","href":"https:\/\/api.w.org\/{rel}","templated":true}]}}