{"id":103,"date":"2021-12-08T11:29:41","date_gmt":"2021-12-08T10:29:41","guid":{"rendered":"http:\/\/ortoestetik.com\/?page_id=103"},"modified":"2022-10-27T12:12:29","modified_gmt":"2022-10-27T10:12:29","slug":"kaj-so-spletni-piskotki-zakaj-se-uporabljajo-in-kako-jih-v-brskalniku-izkljucimo","status":"publish","type":"page","link":"https:\/\/ortoestetik.com\/?page_id=103","title":{"rendered":"Kaj so spletni pi\u0161kotki, zakaj se uporabljajo in kako jih v brskalniku izklju\u010dimo?"},"content":{"rendered":"\t\t<div data-elementor-type=\"wp-page\" data-elementor-id=\"103\" class=\"elementor elementor-103\">\n\t\t\t\t\t\t<section class=\"elementor-section elementor-top-section elementor-element elementor-element-e492874 elementor-section-boxed elementor-section-height-default elementor-section-height-default\" data-id=\"e492874\" data-element_type=\"section\" data-e-type=\"section\">\n\t\t\t\t\t\t<div class=\"elementor-container elementor-column-gap-default\">\n\t\t\t\t\t<div class=\"elementor-column elementor-col-100 elementor-top-column elementor-element elementor-element-89dd968\" data-id=\"89dd968\" data-element_type=\"column\" data-e-type=\"column\">\n\t\t\t<div class=\"elementor-widget-wrap elementor-element-populated\">\n\t\t\t\t\t\t<div class=\"elementor-element elementor-element-dfe444f elementor-widget elementor-widget-text-editor\" data-id=\"dfe444f\" data-element_type=\"widget\" data-e-type=\"widget\" data-widget_type=\"text-editor.default\">\n\t\t\t\t<div class=\"elementor-widget-container\">\n\t\t\t\t\t\t\t\t\t<div class=\"entry-content\"><div class=\"entry-content\"><div class=\"entry-content\"><p>Ker vam bo popoln izklop pi\u0161kotkov verjetno prinesel ve\u010d te\u017eav kot koristi, vam priporo\u010damo uporabo \u00bbzasebnega okna\u00ab.<\/p><p>Poglejmo, kako lahko za\u010dasno ali stalno izklju\u010dimo pi\u0161kote v priljubljenih spletnih brskalnikih Internet Explorer, Chrome, Firefox, Opera in Safari. Ker vam bo popoln izklop pi\u0161kotkov verjetno prinesel ve\u010d te\u017eav kot koristi, priporo\u010damo uporabo \u00bbzasebnega okna\u00ab.<\/p><p>Ker so spletni pi\u0161koti opremljeni s \u0161tevilnimi podatki, lahko v \u00bbnapa\u010dnih rokah\u00ab ogrozijo na\u0161o zasebnost in celo varnost ra\u010dunalnika. Tretje osebe jih namre\u010d lahko uporabijo za sledenje na\u0161im dejavnostim na svetovnem spletu ali za \u00bbvgradnjo\u00ab \u0161kodljivih programskih kod, kar ima lahko za posledico prenehanje delovanja ra\u010dunalni\u0161kega sistema. \u010ce spletnih pi\u0161kotov ne potrebujete (na primer pri uporabi ra\u010dunalnika v spletni kavarni), vam iz varnostnih razlogov priporo\u010damo, da jih v spletnem brskalniku izklju\u010dite. V nadaljevanju si poglejmo, kako lahko za\u010dasno ali stalno izklju\u010dimo pi\u0161kote v priljubljenih spletnih brskalnikih Microsoft Internet Explorer, Google Chrome, Mozilla Firefox, Apple Safari in Opera.<\/p><p><strong>Za\u010dasen izklop spletnih pi\u0161kotov<\/strong><\/p><p>Najhitrej\u0161i in najenostavnej\u0161i na\u010din za prepre\u010ditev shranjevanja spletnih pi\u0161kotov pri vseh spletnih brskalnikih je uporaba tako imenovanega \u00bbzasebnega okna\u00ab. Zasebno brskanje nam namre\u010d omogo\u010da, da lahko splet obiskujemo, ne da da bi spletni brskalnik pri tem shranjeval kakr\u0161nekoli informacije o straneh, ki smo jih obiskali.<\/p><p><strong>Internet Explorer 10<\/strong><\/p><p>Spletni brskalnik Internet Explorer zagotavlja brskanje na internetu brez pu\u0161\u010danja sledi preko funkcionalnosti imenovane \u00bbInPrivate\u00ab. To prikli\u010demo na na\u010din, da v brskalniku najprej pritisnimo tipko \u00bbAlt\u00ab. S tem se prika\u017ee menijska vrstica in v meniju \u00bbOrodja\u00ab spro\u017eimo ukaz \u00bbBrskanje InPrivate\u00ab. Na\u010din \u00bbInPrivate\u00ab lahko vklopimo tudi s pritiskom na kombinacijo tipk \u00bbCtrl + Shift + P\u00ab.<\/p><p><strong>Google Chrome<br \/><\/strong><\/p><p>Google Chrome prav tako omogo\u010da brskanje na internetu brez pu\u0161\u010danja sledi, za ta namen pa uporabimo funkcionalnost \u00bbNovo okno brez bele\u017eenja zgodovine\u00ab. Novo okno lahko vklju\u010dimo tudi s pritiskom na tipke \u00bbCtrl + Shift + N\u00ab.<\/p><p><strong>Mozilla Firefox<br \/><\/strong><\/p><p>Pri spletnem brskalniku Mozilla Firefox pa nam bo v pomo\u010d funkcionalnost \u00bbVklju\u010di zasebno brskanje\u00ab, ko jo prikli\u010demo na na\u010din, da najprej pritisnimo tipko \u00bbAlt\u00ab. S tem se prika\u017ee menijska vrstica in v meniju \u00bbOrodja\u00ab spro\u017eimo ukaz \u00bbVklju\u010di zasebno brskanje\u00ab. Ta na\u010din brskanja lahko vklopimo tudi s pritiskom na tipke \u00bbCtrl + Shift + P\u00ab.<\/p><p><strong>Apple Safari<\/strong><\/p><p>Apple Safari 6 ima tako kot ostali vodilni spletni brskalniki mo\u017enost deskanja po svetovnem spletu brez pu\u0161\u010danja sledi. To funkcionalnost vklju\u010dimo tako, da kliknemo na \u00bbNastavitve\u00ab in izberemo \u00bbPrivate browsing\u00ab. S pritiskom na gumb \u00bbOK\u00ab se nam bo desno v naslovni vrstici prikazala oznaka \u00bbPrivate\u00ab.<\/p><p><strong>Opera<\/strong><\/p><p>Pri spletnem brskalniku Opera 12.15 pa mo\u017enost deskanja po svetovnem spletu brez pu\u0161\u010danja sledi vklju\u010dimo tako, da najprej kliknemo na logotip spletnega brskalnika v zgornjem levem kotu. Tu poi\u0161\u010demo \u00bbTab and Windows\u00ab in izberemo \u00bbNew private Window\u00ab. Ta na\u010din brskanja lahko vklopimo tudi s pritiskom na tipke \u00bbCtrl + Shift + N\u00ab. S tem se nam bo odprlo okno, kjer bomo lahko brez skrbi deskali po svetovnem spletu.<\/p><p><strong>Trajni izklop spletnih pi\u0161kotov<\/strong><\/p><p>Spletni brskalniki Microsoft Internet Explorer, Google Chrome in Mozilla Firefox seveda omogo\u010dajo tudi trajni izklop spletnih pi\u0161kotov. Pri tem pa se moramo zavedati, da bomo s tem izgubili mo\u017enost, da bomo na spletnih straneh ohranili na\u0161e nastavitve, statuse prijave, podatke o opravljenih spletnih nakupih in \u0161e mnogo ve\u010d ter da nekatere strani ne bodo delovale pravilno oziroma bomo prikraj\u0161ani za dodatne mo\u017enosti. Spletna mesta se bomo za name\u010dek nalagala malce po\u010dasneje, saj se bodo morale slike in vsi deli vsebine vsaki\u010d nalo\u017eiti od za\u010detka.<\/p><p><strong>Internet Explorer 10<\/strong><\/p><p>Za izklop pi\u0161kotov v spletnem brskalniku Internet Explorer kliknite na gumb \u00bbOrodja\u00ab in izberite zavihek \u00bbZasebnost\u00ab. Nato kliknite \u0161e na gumb \u00bbNapredno\u00ab ter obkljukajte mo\u017enost za onemogo\u010ditev samodejnega upravljanja s pi\u0161koti in obe vrednosti nastavite na \u00bbBlokiraj\u00ab. Izbiro potrdite s klikom na gumb \u00bbV redu\u00ab.<\/p><p>\u017de shranjene pi\u0161kote pa lahko zbri\u0161emo s klikom na \u00bbOrodja\u00ab, gumb \u00bbBrisanje\u00ab in \u00bbIzbri\u0161i\u00ab.<\/p><p><strong>Google Chrome<\/strong><\/p><p>Omogo\u010danje pi\u0161kotkov v spletnem brskalniku Google Chrome opravimo s klikom na ikono menija Chrome, izbiro \u00bbNastavitve\u00ab, klikom na \u00bbPoka\u017ei dodatne nastavitve\u00ab na dnu strani ter izbiro \u00bbNastavitve vsebine\u00ab v razdelku \u00bbZasebnost\u00ab. Tu izberemo \u0161e mo\u017enost \u00bbBlokiraj pi\u0161kotke in podatke drugih spletnih mest\u00ab in kliknemo na gumb \u00bbKon\u010dano\u00ab.<\/p><p>\u017de shranjene pi\u0161kote izbri\u0161emo s klikom na ikono menija Chrome, izbiremo \u00bbNastavitve\u00ab, kliknemo na \u00bbPoka\u017ei dodatne nastavitve\u00ab in v razdelku \u00bbZasebnost izberemo \u00bbIzbri\u0161i zgodovino brskanja\u00ab.<\/p><p><strong>Mozilla Firefox<\/strong><\/p><p>Pri spletnem brskalniku Mozilla Firefox pi\u0161kote izklju\u010dimo tako, da kliknemo na napis \u00bbFirefox\u00ab (desno zgoraj), izberemo \u00bbMo\u017enosti\u00ab in kliknemo na zavihek \u00bbZasebnost\u00ab. Nato v delu \u00bbZgodovina\u00ab v oknu \u00bbFirefox naj:\u00ab izberemo mo\u017enost \u00bbUporablja posebne nastavitve za zgodovino\u00ab ter odkljukamo mo\u017enost \u00bbDovoli stranem, da ustvarijo pi\u0161kote\u00ab. Po potrebi lahko vklju\u010dimo \u0161e mo\u017enost \u00bbVedno uporabljaj zasebno brskanje\u00ab.<\/p><p>\u017de shranjene pi\u0161kote izbri\u0161emo s klikom na napis \u00bbFirefox\u00ab (desno zgoraj), izberemo \u00bbMo\u017enosti\u00ab in kliknemo na zavihek \u00bbZasebnost\u00ab. Nato v delu \u00bbZgodovina\u00ab v oknu \u00bbFirefox naj:\u00ab izberemo mo\u017enost \u00bbUporablja posebne nastavitve za zgodovino\u00ab, \u00bbPrika\u017ei pi\u0161kote\u00ab in \u00bbOdstrani vse pi\u0161kote\u00ab.<\/p><p><strong>Apple Safari<\/strong><\/p><p>Omogo\u010danje pi\u0161kotkov v spletnem brskalniku Apple Safari je nadvse enostavno, saj zado\u0161\u010da, da kliknemo na napis \u00bbSafari\u00ab, izberemo \u00bbPreferences\u00ab in poi\u0161\u010demo \u00bbPrivacy\u00ab. Nato v delu \u00bbBlock cookies\u00ab vklju\u010dimo to mo\u017enost in izbiro potrdimo s klikom na gumb \u00bbOK\u00ab.<\/p><p>Shranjene pi\u0161kote pa izbri\u0161emo s klikom na napis \u00bbSafari\u00ab, izberemo \u00bbPreferences\u00ab in poi\u0161\u010demo \u00bbPrivacy\u00ab. Nato izberemo vse spletne strani in kliknemo na gumb \u00bbRemove All\u00ab.<\/p><p><strong>Opera<\/strong><\/p><p>Pri brskalniku Opera 12.15 spletne pi\u0161kote izklopimo na na\u010din, da najprej kliknemo na logotip spletnega brskalnika v zgornjem levem kotu, poi\u0161\u010demo \u00bbSettings\u00ab in izberemo \u00bbPreferences\u00ab. Nato v zavihku \u00bbAdvanced\u00ab poi\u0161\u010demo zavihek \u00bbCookies\u00ab in ozna\u010dimo mo\u017enost \u00bbNever accept cookies\u00ab. Izbiro potrdimo s pritiskom na gumb \u00bbOK\u00ab.<\/p><p>Shranjene pi\u0161kote pa izbri\u0161emo s klikom na logotip spletnega brskalnika v zgornjem levem kotu, poi\u0161\u010demo \u00bbSettings\u00ab in izberemo \u00bbPreferences\u00ab. Nato v zavihku \u00bbAdvanced\u00ab poi\u0161\u010demo zavihek \u00bbCookies\u00ab in \u00bbDelete all cookies.<\/p><\/div><\/div><\/div>\t\t\t\t\t\t\t\t<\/div>\n\t\t\t\t<\/div>\n\t\t\t\t\t<\/div>\n\t\t<\/div>\n\t\t\t\t\t<\/div>\n\t\t<\/section>\n\t\t\t\t<\/div>\n\t\t","protected":false},"excerpt":{"rendered":"<p>Ker vam bo popoln izklop pi\u0161kotkov verjetno prinesel ve\u010d te\u017eav kot koristi, vam priporo\u010damo uporabo \u00bbzasebnega okna\u00ab. Poglejmo, kako lahko za\u010dasno ali stalno izklju\u010dimo pi\u0161kote v priljubljenih spletnih brskalnikih Internet Explorer, Chrome, Firefox, Opera in Safari. Ker vam bo popoln izklop pi\u0161kotkov verjetno prinesel ve\u010d te\u017eav kot koristi, priporo\u010damo uporabo \u00bbzasebnega okna\u00ab. Ker so spletni [&hellip;]<\/p>\n","protected":false},"author":1,"featured_media":0,"parent":0,"menu_order":0,"comment_status":"closed","ping_status":"closed","template":"elementor_header_footer","meta":{"footnotes":""},"class_list":["post-103","page","type-page","status-publish","hentry"],"yoast_head":"<!-- This site is optimized with the Yoast SEO plugin v27.5 - https:\/\/yoast.com\/product\/yoast-seo-wordpress\/ -->\n<title>Kaj so spletni pi\u0161kotki, zakaj se uporabljajo in kako jih v brskalniku izklju\u010dimo? - Horvat ortodontija<\/title>\n<meta name=\"robots\" content=\"index, follow, max-snippet:-1, max-image-preview:large, max-video-preview:-1\" \/>\n<link rel=\"canonical\" href=\"https:\/\/ortoestetik.com\/?page_id=103\" \/>\n<meta property=\"og:locale\" content=\"sl_SI\" \/>\n<meta property=\"og:type\" content=\"article\" \/>\n<meta property=\"og:title\" content=\"Kaj so spletni pi\u0161kotki, zakaj se uporabljajo in kako jih v brskalniku izklju\u010dimo? - Horvat ortodontija\" \/>\n<meta property=\"og:description\" content=\"Ker vam bo popoln izklop pi\u0161kotkov verjetno prinesel ve\u010d te\u017eav kot koristi, vam priporo\u010damo uporabo \u00bbzasebnega okna\u00ab. Poglejmo, kako lahko za\u010dasno ali stalno izklju\u010dimo pi\u0161kote v priljubljenih spletnih brskalnikih Internet Explorer, Chrome, Firefox, Opera in Safari. Ker vam bo popoln izklop pi\u0161kotkov verjetno prinesel ve\u010d te\u017eav kot koristi, priporo\u010damo uporabo \u00bbzasebnega okna\u00ab. Ker so spletni [&hellip;]\" \/>\n<meta property=\"og:url\" content=\"https:\/\/ortoestetik.com\/?page_id=103\" \/>\n<meta property=\"og:site_name\" content=\"Horvat ortodontija\" \/>\n<meta property=\"article:publisher\" content=\"https:\/\/www.facebook.com\/ortoestetik\/\" \/>\n<meta property=\"article:modified_time\" content=\"2022-10-27T10:12:29+00:00\" \/>\n<meta name=\"twitter:card\" content=\"summary_large_image\" \/>\n<meta name=\"twitter:label1\" content=\"Est. reading time\" \/>\n\t<meta name=\"twitter:data1\" content=\"5 minut\" \/>\n<script type=\"application\/ld+json\" class=\"yoast-schema-graph\">{\"@context\":\"https:\\\/\\\/schema.org\",\"@graph\":[{\"@type\":\"WebPage\",\"@id\":\"https:\\\/\\\/ortoestetik.com\\\/?page_id=103\",\"url\":\"https:\\\/\\\/ortoestetik.com\\\/?page_id=103\",\"name\":\"Kaj so spletni pi\u0161kotki, zakaj se uporabljajo in kako jih v brskalniku izklju\u010dimo? - Horvat ortodontija\",\"isPartOf\":{\"@id\":\"https:\\\/\\\/ortoestetik.com\\\/#website\"},\"datePublished\":\"2021-12-08T10:29:41+00:00\",\"dateModified\":\"2022-10-27T10:12:29+00:00\",\"breadcrumb\":{\"@id\":\"https:\\\/\\\/ortoestetik.com\\\/?page_id=103#breadcrumb\"},\"inLanguage\":\"sl-SI\",\"potentialAction\":[{\"@type\":\"ReadAction\",\"target\":[\"https:\\\/\\\/ortoestetik.com\\\/?page_id=103\"]}]},{\"@type\":\"BreadcrumbList\",\"@id\":\"https:\\\/\\\/ortoestetik.com\\\/?page_id=103#breadcrumb\",\"itemListElement\":[{\"@type\":\"ListItem\",\"position\":1,\"name\":\"Home\",\"item\":\"https:\\\/\\\/ortoestetik.com\\\/\"},{\"@type\":\"ListItem\",\"position\":2,\"name\":\"Kaj so spletni pi\u0161kotki, zakaj se uporabljajo in kako jih v brskalniku izklju\u010dimo?\"}]},{\"@type\":\"WebSite\",\"@id\":\"https:\\\/\\\/ortoestetik.com\\\/#website\",\"url\":\"https:\\\/\\\/ortoestetik.com\\\/\",\"name\":\"Horvat ortodontija\",\"description\":\"Ortodontska ordinacija\",\"publisher\":{\"@id\":\"https:\\\/\\\/ortoestetik.com\\\/#organization\"},\"potentialAction\":[{\"@type\":\"SearchAction\",\"target\":{\"@type\":\"EntryPoint\",\"urlTemplate\":\"https:\\\/\\\/ortoestetik.com\\\/?s={search_term_string}\"},\"query-input\":{\"@type\":\"PropertyValueSpecification\",\"valueRequired\":true,\"valueName\":\"search_term_string\"}}],\"inLanguage\":\"sl-SI\"},{\"@type\":\"Organization\",\"@id\":\"https:\\\/\\\/ortoestetik.com\\\/#organization\",\"name\":\"Horvat ortodontija\",\"url\":\"https:\\\/\\\/ortoestetik.com\\\/\",\"logo\":{\"@type\":\"ImageObject\",\"inLanguage\":\"sl-SI\",\"@id\":\"https:\\\/\\\/ortoestetik.com\\\/#\\\/schema\\\/logo\\\/image\\\/\",\"url\":\"https:\\\/\\\/ortoestetik.com\\\/wp-content\\\/uploads\\\/2023\\\/07\\\/logo5.png\",\"contentUrl\":\"https:\\\/\\\/ortoestetik.com\\\/wp-content\\\/uploads\\\/2023\\\/07\\\/logo5.png\",\"width\":800,\"height\":200,\"caption\":\"Horvat ortodontija\"},\"image\":{\"@id\":\"https:\\\/\\\/ortoestetik.com\\\/#\\\/schema\\\/logo\\\/image\\\/\"},\"sameAs\":[\"https:\\\/\\\/www.facebook.com\\\/ortoestetik\\\/\"]}]}<\/script>\n<!-- \/ Yoast SEO plugin. -->","yoast_head_json":{"title":"Kaj so spletni pi\u0161kotki, zakaj se uporabljajo in kako jih v brskalniku izklju\u010dimo? - Horvat ortodontija","robots":{"index":"index","follow":"follow","max-snippet":"max-snippet:-1","max-image-preview":"max-image-preview:large","max-video-preview":"max-video-preview:-1"},"canonical":"https:\/\/ortoestetik.com\/?page_id=103","og_locale":"sl_SI","og_type":"article","og_title":"Kaj so spletni pi\u0161kotki, zakaj se uporabljajo in kako jih v brskalniku izklju\u010dimo? - Horvat ortodontija","og_description":"Ker vam bo popoln izklop pi\u0161kotkov verjetno prinesel ve\u010d te\u017eav kot koristi, vam priporo\u010damo uporabo \u00bbzasebnega okna\u00ab. Poglejmo, kako lahko za\u010dasno ali stalno izklju\u010dimo pi\u0161kote v priljubljenih spletnih brskalnikih Internet Explorer, Chrome, Firefox, Opera in Safari. Ker vam bo popoln izklop pi\u0161kotkov verjetno prinesel ve\u010d te\u017eav kot koristi, priporo\u010damo uporabo \u00bbzasebnega okna\u00ab. Ker so spletni [&hellip;]","og_url":"https:\/\/ortoestetik.com\/?page_id=103","og_site_name":"Horvat ortodontija","article_publisher":"https:\/\/www.facebook.com\/ortoestetik\/","article_modified_time":"2022-10-27T10:12:29+00:00","twitter_card":"summary_large_image","twitter_misc":{"Est. reading time":"5 minut"},"schema":{"@context":"https:\/\/schema.org","@graph":[{"@type":"WebPage","@id":"https:\/\/ortoestetik.com\/?page_id=103","url":"https:\/\/ortoestetik.com\/?page_id=103","name":"Kaj so spletni pi\u0161kotki, zakaj se uporabljajo in kako jih v brskalniku izklju\u010dimo? - Horvat ortodontija","isPartOf":{"@id":"https:\/\/ortoestetik.com\/#website"},"datePublished":"2021-12-08T10:29:41+00:00","dateModified":"2022-10-27T10:12:29+00:00","breadcrumb":{"@id":"https:\/\/ortoestetik.com\/?page_id=103#breadcrumb"},"inLanguage":"sl-SI","potentialAction":[{"@type":"ReadAction","target":["https:\/\/ortoestetik.com\/?page_id=103"]}]},{"@type":"BreadcrumbList","@id":"https:\/\/ortoestetik.com\/?page_id=103#breadcrumb","itemListElement":[{"@type":"ListItem","position":1,"name":"Home","item":"https:\/\/ortoestetik.com\/"},{"@type":"ListItem","position":2,"name":"Kaj so spletni pi\u0161kotki, zakaj se uporabljajo in kako jih v brskalniku izklju\u010dimo?"}]},{"@type":"WebSite","@id":"https:\/\/ortoestetik.com\/#website","url":"https:\/\/ortoestetik.com\/","name":"Horvat ortodontija","description":"Ortodontska ordinacija","publisher":{"@id":"https:\/\/ortoestetik.com\/#organization"},"potentialAction":[{"@type":"SearchAction","target":{"@type":"EntryPoint","urlTemplate":"https:\/\/ortoestetik.com\/?s={search_term_string}"},"query-input":{"@type":"PropertyValueSpecification","valueRequired":true,"valueName":"search_term_string"}}],"inLanguage":"sl-SI"},{"@type":"Organization","@id":"https:\/\/ortoestetik.com\/#organization","name":"Horvat ortodontija","url":"https:\/\/ortoestetik.com\/","logo":{"@type":"ImageObject","inLanguage":"sl-SI","@id":"https:\/\/ortoestetik.com\/#\/schema\/logo\/image\/","url":"https:\/\/ortoestetik.com\/wp-content\/uploads\/2023\/07\/logo5.png","contentUrl":"https:\/\/ortoestetik.com\/wp-content\/uploads\/2023\/07\/logo5.png","width":800,"height":200,"caption":"Horvat ortodontija"},"image":{"@id":"https:\/\/ortoestetik.com\/#\/schema\/logo\/image\/"},"sameAs":["https:\/\/www.facebook.com\/ortoestetik\/"]}]}},"_links":{"self":[{"href":"https:\/\/ortoestetik.com\/index.php?rest_route=\/wp\/v2\/pages\/103","targetHints":{"allow":["GET"]}}],"collection":[{"href":"https:\/\/ortoestetik.com\/index.php?rest_route=\/wp\/v2\/pages"}],"about":[{"href":"https:\/\/ortoestetik.com\/index.php?rest_route=\/wp\/v2\/types\/page"}],"author":[{"embeddable":true,"href":"https:\/\/ortoestetik.com\/index.php?rest_route=\/wp\/v2\/users\/1"}],"replies":[{"embeddable":true,"href":"https:\/\/ortoestetik.com\/index.php?rest_route=%2Fwp%2Fv2%2Fcomments&post=103"}],"version-history":[{"count":7,"href":"https:\/\/ortoestetik.com\/index.php?rest_route=\/wp\/v2\/pages\/103\/revisions"}],"predecessor-version":[{"id":287,"href":"https:\/\/ortoestetik.com\/index.php?rest_route=\/wp\/v2\/pages\/103\/revisions\/287"}],"wp:attachment":[{"href":"https:\/\/ortoestetik.com\/index.php?rest_route=%2Fwp%2Fv2%2Fmedia&parent=103"}],"curies":[{"name":"wp","href":"https:\/\/api.w.org\/{rel}","templated":true}]}}